{"id":516,"date":"2018-10-04T15:20:28","date_gmt":"2018-10-04T13:20:28","guid":{"rendered":"http:\/\/www.cercos.net\/inici\/"},"modified":"2019-02-22T10:33:32","modified_gmt":"2019-02-22T09:33:32","slug":"inici","status":"publish","type":"page","link":"https:\/\/www.cercos.net\/es\/","title":{"rendered":"Inicio"},"content":{"rendered":"<p>[et_pb_section bb_built=\u00bb1&#8243; specialty=\u00bboff\u00bb next_background_color=\u00bb#000000&#8243; _builder_version=\u00bb3.16&#8243; custom_margin=\u00bb|0px||0px\u00bb custom_css_main_element=\u00bbwidth:100%!important;||max-width:100%!important;\u00bb module_id=\u00bbimatge-home\u00bb][et_pb_row _builder_version=\u00bb3.16&#8243; background_image=\u00bbhttp:\/\/www.cercos.net\/wp-content\/uploads\/slide0-2.png\u00bb make_fullwidth=\u00bbon\u00bb custom_margin=\u00bb|0px||0px\u00bb custom_padding=\u00bb|0px||0px\u00bb use_custom_width=\u00bbon\u00bb width_unit=\u00bboff\u00bb custom_css_main_element=\u00bbwidth:100%!important;||max-width:100%!important;\u00bb][et_pb_column type=\u00bb4_4&#8243;][et_pb_text _builder_version=\u00bb3.16&#8243; custom_margin=\u00bb10%|||\u00bb animation_style=\u00bbfade\u00bb animation_delay=\u00bb1000ms\u00bb]<\/p>\n<h1 class=\"slogan\"><span class=\"small\">EXPERTOS EN ASEGURAR<\/span><br \/>\n<span class=\"big\">SU TRANQUILIDAD<\/span><\/h1>\n<p>[\/et_pb_text][et_pb_button _builder_version=\u00bb3.16&#8243; button_text=\u00bbMas informaci\u00f3n\u00bb button_url=\u00bb\/es\/contacto\u00bb button_alignment=\u00bbcenter\u00bb background_layout=\u00bbdark\u00bb custom_button=\u00bbon\u00bb button_bg_color=\u00bb#000000&#8243; button_use_icon=\u00bboff\u00bb custom_margin=\u00bb10px||10%|\u00bb button_border_color=\u00bb#000000&#8243; button_border_radius=\u00bb10&#8243; button_font=\u00bb|700|||||||\u00bb animation_style=\u00bbfade\u00bb module_class=\u00bbbutton-home\u00bb animation_delay=\u00bb1000ms\u00bb \/][\/et_pb_column][\/et_pb_row][\/et_pb_section][et_pb_section bb_built=\u00bb1&#8243; prev_background_color=\u00bb#000000&#8243;][et_pb_row][et_pb_column type=\u00bb1_4&#8243;][et_pb_image _builder_version=\u00bb3.16&#8243; src=\u00bbhttp:\/\/www.cercos.net\/wp-content\/uploads\/llar-home.png\u00bb url=\u00bb\/es\/hogar\/\u00bb use_overlay=\u00bbon\u00bb overlay_icon_color=\u00bb#a62a28&#8243; hover_icon=\u00bb%%51%%\u00bb hover_overlay_color=\u00bbrgba(255,255,255,0.5)\u00bb align=\u00bbcenter\u00bb border_width_all=\u00bb4px\u00bb border_color_all=\u00bb#a62a28&#8243; custom_margin=\u00bb||8px|\u00bb \/][et_pb_text _builder_version=\u00bb3.16&#8243;]<\/p>\n<h2 class=\"red\"><strong>HOGAR<\/strong><\/h2>\n<p class=\"red\">Seguros para garantizar la protecci\u00f3n de sus propiedades.<\/p>\n<p>[\/et_pb_text][\/et_pb_column][et_pb_column type=\u00bb1_4&#8243;][et_pb_image _builder_version=\u00bb3.16&#8243; src=\u00bbhttp:\/\/www.cercos.net\/wp-content\/uploads\/edificis-home.png\u00bb url=\u00bb\/es\/edificios\/\u00bb use_overlay=\u00bbon\u00bb overlay_icon_color=\u00bb#a62a28&#8243; hover_overlay_color=\u00bbrgba(255,255,255,0.5)\u00bb hover_icon=\u00bb%%51%%\u00bb border_width_all=\u00bb4px\u00bb border_color_all=\u00bb#a62a28&#8243; custom_margin=\u00bb||8px|\u00bb \/][et_pb_text _builder_version=\u00bb3.16&#8243;]<\/p>\n<h2 class=\"red\"><strong>EDIFICIOS<\/strong><\/h2>\n<p class=\"red\">Gesti\u00f3n de las mejores garant\u00edas para su edificio o cumunidad de propietarios.<\/p>\n<p>[\/et_pb_text][\/et_pb_column][et_pb_column type=\u00bb1_4&#8243;][et_pb_image _builder_version=\u00bb3.16&#8243; src=\u00bbhttp:\/\/www.cercos.net\/wp-content\/uploads\/familia-home.png\u00bb url=\u00bb\/es\/vida-riesgo\/\u00bb use_overlay=\u00bbon\u00bb overlay_icon_color=\u00bb#a62a28&#8243; hover_overlay_color=\u00bbrgba(255,255,255,0.5)\u00bb hover_icon=\u00bb%%51%%\u00bb border_width_all=\u00bb4px\u00bb border_color_all=\u00bb#a62a28&#8243; custom_margin=\u00bb||8px|\u00bb \/][et_pb_text _builder_version=\u00bb3.16&#8243;]<\/p>\n<h2 class=\"red\"><strong>VIDA<\/strong><\/h2>\n<p class=\"red\">Descubre la completa tranquildad pera su fam\u00edlia.<\/p>\n<p>[\/et_pb_text][\/et_pb_column][et_pb_column type=\u00bb1_4&#8243;][et_pb_image _builder_version=\u00bb3.16&#8243; src=\u00bbhttp:\/\/www.cercos.net\/wp-content\/uploads\/defensa-juridica-home.png\u00bb url=\u00bb\/es\/defensa-juridica\/\u00bb use_overlay=\u00bbon\u00bb overlay_icon_color=\u00bb#a62a28&#8243; hover_overlay_color=\u00bbrgba(255,255,255,0.5)\u00bb border_width_all=\u00bb4px\u00bb border_color_all=\u00bb#a62a28&#8243; hover_icon=\u00bb%%51%%\u00bb custom_margin=\u00bb||8px|\u00bb \/][et_pb_text _builder_version=\u00bb3.16&#8243;]<\/p>\n<h2 class=\"red\"><strong>DEFENSA JUR\u00cdDICA<\/strong><\/h2>\n<p class=\"red\">La forma m\u00e1s sencilla y econ\u00f3mica de reclamar sus derechos.<\/p>\n<p>[\/et_pb_text][\/et_pb_column][\/et_pb_row][\/et_pb_section]<\/p>\n","protected":false},"excerpt":{"rendered":"<p>EXPERTOS EN ASEGURAR SU TRANQUILIDAD <div class=\"et_pb_row et_pb_row_0 et_pb_row_empty\">\n\t\t\t\t\n\t\t\t\t\n\t\t\t\t\n\t\t\t\t\n\t\t\t\t\n\t\t\t<\/div> HOGAR Seguros para garantizar la protecci\u00f3n de sus propiedades. EDIFICIOS Gesti\u00f3n de las mejores garant\u00edas para su edificio o cumunidad de propietarios. VIDA Descubre la completa tranquildad pera su fam\u00edlia. DEFENSA JUR\u00cdDICA La forma m\u00e1s sencilla y econ\u00f3mica de reclamar sus derechos.<\/p>\n","protected":false},"author":1,"featured_media":0,"parent":0,"menu_order":0,"comment_status":"closed","ping_status":"closed","template":"","meta":{"_et_pb_use_builder":"on","_et_pb_old_content":"","_et_gb_content_width":"","footnotes":""},"class_list":["post-516","page","type-page","status-publish","hentry"],"yoast_head":"<!-- This site is optimized with the Yoast SEO plugin v27.3 - https:\/\/yoast.com\/product\/yoast-seo-wordpress\/ -->\n<title>Inicio - Cerc\u00f3s &amp; Ari\u00f1o<\/title>\n<meta name=\"description\" content=\"Especialistas en seguros\" \/>\n<meta name=\"robots\" content=\"index, follow, max-snippet:-1, max-image-preview:large, max-video-preview:-1\" \/>\n<link rel=\"canonical\" href=\"https:\/\/www.cercos.net\/es\/\" \/>\n<meta property=\"og:locale\" content=\"es_ES\" \/>\n<meta property=\"og:type\" content=\"article\" \/>\n<meta property=\"og:title\" content=\"Inicio - Cerc\u00f3s &amp; Ari\u00f1o\" \/>\n<meta property=\"og:description\" content=\"Especialistas en seguros\" \/>\n<meta property=\"og:url\" content=\"https:\/\/www.cercos.net\/es\/\" \/>\n<meta property=\"og:site_name\" content=\"Cerc\u00f3s &amp; Ari\u00f1o\" \/>\n<meta property=\"article:modified_time\" content=\"2019-02-22T09:33:32+00:00\" \/>\n<meta name=\"twitter:card\" content=\"summary_large_image\" \/>\n<meta name=\"twitter:label1\" content=\"Tiempo de lectura\" \/>\n\t<meta name=\"twitter:data1\" content=\"2 minutos\" \/>\n<script type=\"application\/ld+json\" class=\"yoast-schema-graph\">{\"@context\":\"https:\\\/\\\/schema.org\",\"@graph\":[{\"@type\":\"WebPage\",\"@id\":\"https:\\\/\\\/www.cercos.net\\\/es\\\/\",\"url\":\"https:\\\/\\\/www.cercos.net\\\/es\\\/\",\"name\":\"Inicio - Cerc\u00f3s &amp; Ari\u00f1o\",\"isPartOf\":{\"@id\":\"https:\\\/\\\/www.cercos.net\\\/#website\"},\"datePublished\":\"2018-10-04T13:20:28+00:00\",\"dateModified\":\"2019-02-22T09:33:32+00:00\",\"description\":\"Especialistas en seguros\",\"breadcrumb\":{\"@id\":\"https:\\\/\\\/www.cercos.net\\\/es\\\/#breadcrumb\"},\"inLanguage\":\"es\",\"potentialAction\":[{\"@type\":\"ReadAction\",\"target\":[\"https:\\\/\\\/www.cercos.net\\\/es\\\/\"]}]},{\"@type\":\"BreadcrumbList\",\"@id\":\"https:\\\/\\\/www.cercos.net\\\/es\\\/#breadcrumb\",\"itemListElement\":[{\"@type\":\"ListItem\",\"position\":1,\"name\":\"Inici\",\"item\":\"https:\\\/\\\/www.cercos.net\\\/es\\\/\"},{\"@type\":\"ListItem\",\"position\":2,\"name\":\"Inicio\"}]},{\"@type\":\"WebSite\",\"@id\":\"https:\\\/\\\/www.cercos.net\\\/#website\",\"url\":\"https:\\\/\\\/www.cercos.net\\\/\",\"name\":\"Cerc\u00f3s &amp; Ari\u00f1o\",\"description\":\"Experts en assegurar\",\"potentialAction\":[{\"@type\":\"SearchAction\",\"target\":{\"@type\":\"EntryPoint\",\"urlTemplate\":\"https:\\\/\\\/www.cercos.net\\\/?s={search_term_string}\"},\"query-input\":{\"@type\":\"PropertyValueSpecification\",\"valueRequired\":true,\"valueName\":\"search_term_string\"}}],\"inLanguage\":\"es\"}]}<\/script>\n<!-- \/ Yoast SEO plugin. -->","yoast_head_json":{"title":"Inicio - Cerc\u00f3s &amp; Ari\u00f1o","description":"Especialistas en seguros","robots":{"index":"index","follow":"follow","max-snippet":"max-snippet:-1","max-image-preview":"max-image-preview:large","max-video-preview":"max-video-preview:-1"},"canonical":"https:\/\/www.cercos.net\/es\/","og_locale":"es_ES","og_type":"article","og_title":"Inicio - Cerc\u00f3s &amp; Ari\u00f1o","og_description":"Especialistas en seguros","og_url":"https:\/\/www.cercos.net\/es\/","og_site_name":"Cerc\u00f3s &amp; Ari\u00f1o","article_modified_time":"2019-02-22T09:33:32+00:00","twitter_card":"summary_large_image","twitter_misc":{"Tiempo de lectura":"2 minutos"},"schema":{"@context":"https:\/\/schema.org","@graph":[{"@type":"WebPage","@id":"https:\/\/www.cercos.net\/es\/","url":"https:\/\/www.cercos.net\/es\/","name":"Inicio - Cerc\u00f3s &amp; Ari\u00f1o","isPartOf":{"@id":"https:\/\/www.cercos.net\/#website"},"datePublished":"2018-10-04T13:20:28+00:00","dateModified":"2019-02-22T09:33:32+00:00","description":"Especialistas en seguros","breadcrumb":{"@id":"https:\/\/www.cercos.net\/es\/#breadcrumb"},"inLanguage":"es","potentialAction":[{"@type":"ReadAction","target":["https:\/\/www.cercos.net\/es\/"]}]},{"@type":"BreadcrumbList","@id":"https:\/\/www.cercos.net\/es\/#breadcrumb","itemListElement":[{"@type":"ListItem","position":1,"name":"Inici","item":"https:\/\/www.cercos.net\/es\/"},{"@type":"ListItem","position":2,"name":"Inicio"}]},{"@type":"WebSite","@id":"https:\/\/www.cercos.net\/#website","url":"https:\/\/www.cercos.net\/","name":"Cerc\u00f3s &amp; Ari\u00f1o","description":"Experts en assegurar","potentialAction":[{"@type":"SearchAction","target":{"@type":"EntryPoint","urlTemplate":"https:\/\/www.cercos.net\/?s={search_term_string}"},"query-input":{"@type":"PropertyValueSpecification","valueRequired":true,"valueName":"search_term_string"}}],"inLanguage":"es"}]}},"_links":{"self":[{"href":"https:\/\/www.cercos.net\/es\/wp-json\/wp\/v2\/pages\/516","targetHints":{"allow":["GET"]}}],"collection":[{"href":"https:\/\/www.cercos.net\/es\/wp-json\/wp\/v2\/pages"}],"about":[{"href":"https:\/\/www.cercos.net\/es\/wp-json\/wp\/v2\/types\/page"}],"author":[{"embeddable":true,"href":"https:\/\/www.cercos.net\/es\/wp-json\/wp\/v2\/users\/1"}],"replies":[{"embeddable":true,"href":"https:\/\/www.cercos.net\/es\/wp-json\/wp\/v2\/comments?post=516"}],"version-history":[{"count":5,"href":"https:\/\/www.cercos.net\/es\/wp-json\/wp\/v2\/pages\/516\/revisions"}],"predecessor-version":[{"id":699,"href":"https:\/\/www.cercos.net\/es\/wp-json\/wp\/v2\/pages\/516\/revisions\/699"}],"wp:attachment":[{"href":"https:\/\/www.cercos.net\/es\/wp-json\/wp\/v2\/media?parent=516"}],"curies":[{"name":"wp","href":"https:\/\/api.w.org\/{rel}","templated":true}]}}