{"id":522,"date":"2018-10-04T15:21:05","date_gmt":"2018-10-04T13:21:05","guid":{"rendered":"http:\/\/www.cercos.net\/qui-som\/"},"modified":"2025-05-29T11:23:56","modified_gmt":"2025-05-29T09:23:56","slug":"quienes-somos","status":"publish","type":"page","link":"https:\/\/www.cercos.net\/es\/quienes-somos\/","title":{"rendered":"Quienes somos"},"content":{"rendered":"<p>[et_pb_section fb_built=\u00bb1&#8243; fullwidth=\u00bbon\u00bb _builder_version=\u00bb4.16&#8243; background_color=\u00bb#a62a28&#8243; custom_margin=\u00bb5px||5px|\u00bb global_colors_info=\u00bb{}\u00bb][et_pb_fullwidth_post_title meta=\u00bboff\u00bb featured_image=\u00bboff\u00bb text_color=\u00bblight\u00bb _builder_version=\u00bb4.16&#8243; title_font_size=\u00bb20px\u00bb background_color_gradient_start=\u00bb#29c4a9&#8243; background_color_gradient_end=\u00bb#2b87da\u00bb custom_margin=\u00bb0px||0px|\u00bb custom_css_main_element=\u00bbpadding:10px 0 0 8px!important;\u00bb global_colors_info=\u00bb{}\u00bb][\/et_pb_fullwidth_post_title][\/et_pb_section][et_pb_section fb_built=\u00bb1&#8243; _builder_version=\u00bb4.16&#8243; global_colors_info=\u00bb{}\u00bb][et_pb_row _builder_version=\u00bb4.16&#8243; background_size=\u00bbinitial\u00bb background_position=\u00bbtop_left\u00bb background_repeat=\u00bbrepeat\u00bb global_colors_info=\u00bb{}\u00bb column_structure=\u00bb1_2,1_2&#8243;][et_pb_column type=\u00bb1_2&#8243; _builder_version=\u00bb4.16&#8243; custom_padding=\u00bb|||\u00bb global_colors_info=\u00bb{}\u00bb custom_padding__hover=\u00bb|||\u00bb][et_pb_text _builder_version=\u00bb4.16&#8243; global_colors_info=\u00bb{}\u00bb]<\/p>\n<p class=\"justify\">Somos una empresa joven y din\u00e1mica orientado al servicio al cliente. Nuestra estructura permite un tratamiento personalizado en funci\u00f3n de tus necesidades. Aparte de las modalidades destacadas que podr\u00e1s ver a la parte inferior de esta web y de las que encontrar\u00e1s a cada apartado correspondiente, te podemos ofrecer soluciones y orientarte seg\u00fan tus necesidades sobre cualquier producto asegurador que precises.<\/p>\n<p class=\"justify\">Te informamos tambi\u00e9n que los Corredores de Seguros actuamos con total independencia ante las compa\u00f1\u00edas aseguradoras y no tenemos ning\u00fan v\u00ednculo, a partir de esta premisa, nuestra tarea no es solamente aconsejar en la contrataci\u00f3n sino tambi\u00e9n hacer el seguimiento del siniestro y administrar el contrato a lo largo de su vigencia.<\/p>\n<p class=\"justify\"><span class=\"red\"><strong>Ponemos a tu disposici\u00f3n el tel\u00e9fono  93 593 18 18,<\/strong><\/span> recibir\u00e1s un trato personalizado en relaci\u00f3n a contrataci\u00f3n, consultas y recepci\u00f3n de siniestros.<\/p>\n<p class=\"justify red\"><strong>Nuestro horario es de 9:30 a 14 y de 15:30 a 19:30, excepto el viernes que es hasta les 14 h.<\/strong><\/p>\n<p class=\"justify\">En caso de urgencia, y que no puedas contactar con nosotros, al apartado de tel\u00e9fonos 24 h encontrar\u00e1s como contactar con las aseguradoras que colaboran con nosotros.<\/p>\n<p>[\/et_pb_text][et_pb_blurb title=\u00bbExpertos en seguros particulares y empresas\u00bb use_icon=\u00bbon\u00bb font_icon=\u00bb&#x4e;||divi||400&#8243; icon_color=\u00bb#a62a28&#8243; icon_placement=\u00bbleft\u00bb image_icon_width=\u00bb18px\u00bb _builder_version=\u00bb4.16&#8243; header_font_size=\u00bb14&#8243; animation=\u00bboff\u00bb icon_font_size=\u00bb18px\u00bb global_colors_info=\u00bb{}\u00bb][\/et_pb_blurb][et_pb_blurb title=\u00bbTrato personalizado\u00bb use_icon=\u00bbon\u00bb font_icon=\u00bb&#x4e;||divi||400&#8243; icon_color=\u00bb#a62a28&#8243; icon_placement=\u00bbleft\u00bb image_icon_width=\u00bb18px\u00bb _builder_version=\u00bb4.16&#8243; header_font_size=\u00bb14&#8243; animation=\u00bboff\u00bb icon_font_size=\u00bb18px\u00bb global_colors_info=\u00bb{}\u00bb][\/et_pb_blurb][et_pb_blurb title=\u00bbEquipo profesional\u00bb use_icon=\u00bbon\u00bb font_icon=\u00bb&#x4e;||divi||400&#8243; icon_color=\u00bb#a62a28&#8243; icon_placement=\u00bbleft\u00bb image_icon_width=\u00bb18px\u00bb _builder_version=\u00bb4.16&#8243; header_font_size=\u00bb14&#8243; animation=\u00bboff\u00bb icon_font_size=\u00bb18px\u00bb global_colors_info=\u00bb{}\u00bb][\/et_pb_blurb][et_pb_blurb title=\u00bbTrabajo eficiente y r\u00e1pido\u00bb use_icon=\u00bbon\u00bb font_icon=\u00bb&#x4e;||divi||400&#8243; icon_color=\u00bb#a62a28&#8243; icon_placement=\u00bbleft\u00bb image_icon_width=\u00bb18px\u00bb _builder_version=\u00bb4.16&#8243; header_font_size=\u00bb14&#8243; animation=\u00bboff\u00bb icon_font_size=\u00bb18px\u00bb global_colors_info=\u00bb{}\u00bb][\/et_pb_blurb][et_pb_button button_url=\u00bb\/es\/contacto\u00bb button_text=\u00bbCONTACTA CON NOSOTROS\u00bb button_alignment=\u00bbcenter\u00bb admin_label=\u00bbButton_contacte\u00bb _builder_version=\u00bb4.16&#8243; custom_button=\u00bbon\u00bb button_text_size=\u00bb18&#8243; button_text_color=\u00bb#ffffff\u00bb button_bg_color=\u00bb#a62a28&#8243; button_border_width=\u00bb0&#8243; button_border_color=\u00bb#a62a28&#8243; button_icon=\u00bb&#xe010;||divi||400&#8243; button_icon_color=\u00bb#ffffff\u00bb button_icon_placement=\u00bbleft\u00bb button_on_hover=\u00bboff\u00bb custom_css_main_element=\u00bbwidth:100%;\u00bb global_colors_info=\u00bb{}\u00bb][\/et_pb_button][\/et_pb_column][et_pb_column type=\u00bb1_2&#8243; _builder_version=\u00bb4.16&#8243; custom_padding=\u00bb|||\u00bb global_colors_info=\u00bb{}\u00bb custom_padding__hover=\u00bb|||\u00bb][et_pb_image src=\u00bbhttps:\/\/www.cercos.net\/wp-content\/uploads\/staff.png\u00bb align_tablet=\u00bbcenter\u00bb align_last_edited=\u00bbon|desktop\u00bb _builder_version=\u00bb4.16&#8243; global_colors_info=\u00bb{}\u00bb align_phone=\u00bbcenter\u00bb][\/et_pb_image][\/et_pb_column][\/et_pb_row][\/et_pb_section]<\/p>\n","protected":false},"excerpt":{"rendered":"<p>Somos una empresa joven y din\u00e1mica orientado al servicio al cliente. Nuestra estructura permite un tratamiento personalizado en funci\u00f3n de tus necesidades. Aparte de las modalidades destacadas que podr\u00e1s ver a la parte inferior de esta web y de las que encontrar\u00e1s a cada apartado correspondiente, te podemos ofrecer soluciones y orientarte seg\u00fan tus necesidades [&hellip;]<\/p>\n","protected":false},"author":1,"featured_media":0,"parent":0,"menu_order":0,"comment_status":"closed","ping_status":"closed","template":"","meta":{"_et_pb_use_builder":"on","_et_pb_old_content":"","_et_gb_content_width":"","footnotes":""},"class_list":["post-522","page","type-page","status-publish","hentry"],"yoast_head":"<!-- This site is optimized with the Yoast SEO plugin v27.5 - https:\/\/yoast.com\/product\/yoast-seo-wordpress\/ -->\n<title>Quienes somos - Cerc\u00f3s &amp; Ari\u00f1o<\/title>\n<meta name=\"description\" content=\"Som una corredoria jove i din\u00e0mica amb assessorament independent, tracte personalitzat i solucions asseguradores per a particulars i empreses.\" \/>\n<meta name=\"robots\" content=\"index, follow, max-snippet:-1, max-image-preview:large, max-video-preview:-1\" \/>\n<link rel=\"canonical\" href=\"https:\/\/www.cercos.net\/es\/quienes-somos\/\" \/>\n<meta property=\"og:locale\" content=\"es_ES\" \/>\n<meta property=\"og:type\" content=\"article\" \/>\n<meta property=\"og:title\" content=\"Quienes somos - Cerc\u00f3s &amp; Ari\u00f1o\" \/>\n<meta property=\"og:description\" content=\"Som una corredoria jove i din\u00e0mica amb assessorament independent, tracte personalitzat i solucions asseguradores per a particulars i empreses.\" \/>\n<meta property=\"og:url\" content=\"https:\/\/www.cercos.net\/es\/quienes-somos\/\" \/>\n<meta property=\"og:site_name\" content=\"Cerc\u00f3s &amp; Ari\u00f1o\" \/>\n<meta property=\"article:modified_time\" content=\"2025-05-29T09:23:56+00:00\" \/>\n<meta name=\"twitter:card\" content=\"summary_large_image\" \/>\n<meta name=\"twitter:label1\" content=\"Tiempo de lectura\" \/>\n\t<meta name=\"twitter:data1\" content=\"2 minutos\" \/>\n<script type=\"application\/ld+json\" class=\"yoast-schema-graph\">{\"@context\":\"https:\\\/\\\/schema.org\",\"@graph\":[{\"@type\":\"WebPage\",\"@id\":\"https:\\\/\\\/www.cercos.net\\\/es\\\/quienes-somos\\\/\",\"url\":\"https:\\\/\\\/www.cercos.net\\\/es\\\/quienes-somos\\\/\",\"name\":\"Quienes somos - Cerc\u00f3s &amp; Ari\u00f1o\",\"isPartOf\":{\"@id\":\"https:\\\/\\\/www.cercos.net\\\/#website\"},\"datePublished\":\"2018-10-04T13:21:05+00:00\",\"dateModified\":\"2025-05-29T09:23:56+00:00\",\"description\":\"Som una corredoria jove i din\u00e0mica amb assessorament independent, tracte personalitzat i solucions asseguradores per a particulars i empreses.\",\"breadcrumb\":{\"@id\":\"https:\\\/\\\/www.cercos.net\\\/es\\\/quienes-somos\\\/#breadcrumb\"},\"inLanguage\":\"es\",\"potentialAction\":[{\"@type\":\"ReadAction\",\"target\":[\"https:\\\/\\\/www.cercos.net\\\/es\\\/quienes-somos\\\/\"]}]},{\"@type\":\"BreadcrumbList\",\"@id\":\"https:\\\/\\\/www.cercos.net\\\/es\\\/quienes-somos\\\/#breadcrumb\",\"itemListElement\":[{\"@type\":\"ListItem\",\"position\":1,\"name\":\"Inici\",\"item\":\"https:\\\/\\\/www.cercos.net\\\/es\\\/\"},{\"@type\":\"ListItem\",\"position\":2,\"name\":\"Quienes somos\"}]},{\"@type\":\"WebSite\",\"@id\":\"https:\\\/\\\/www.cercos.net\\\/#website\",\"url\":\"https:\\\/\\\/www.cercos.net\\\/\",\"name\":\"Cerc\u00f3s &amp; Ari\u00f1o\",\"description\":\"Experts en assegurar\",\"potentialAction\":[{\"@type\":\"SearchAction\",\"target\":{\"@type\":\"EntryPoint\",\"urlTemplate\":\"https:\\\/\\\/www.cercos.net\\\/?s={search_term_string}\"},\"query-input\":{\"@type\":\"PropertyValueSpecification\",\"valueRequired\":true,\"valueName\":\"search_term_string\"}}],\"inLanguage\":\"es\"}]}<\/script>\n<!-- \/ Yoast SEO plugin. -->","yoast_head_json":{"title":"Quienes somos - Cerc\u00f3s &amp; Ari\u00f1o","description":"Som una corredoria jove i din\u00e0mica amb assessorament independent, tracte personalitzat i solucions asseguradores per a particulars i empreses.","robots":{"index":"index","follow":"follow","max-snippet":"max-snippet:-1","max-image-preview":"max-image-preview:large","max-video-preview":"max-video-preview:-1"},"canonical":"https:\/\/www.cercos.net\/es\/quienes-somos\/","og_locale":"es_ES","og_type":"article","og_title":"Quienes somos - Cerc\u00f3s &amp; Ari\u00f1o","og_description":"Som una corredoria jove i din\u00e0mica amb assessorament independent, tracte personalitzat i solucions asseguradores per a particulars i empreses.","og_url":"https:\/\/www.cercos.net\/es\/quienes-somos\/","og_site_name":"Cerc\u00f3s &amp; Ari\u00f1o","article_modified_time":"2025-05-29T09:23:56+00:00","twitter_card":"summary_large_image","twitter_misc":{"Tiempo de lectura":"2 minutos"},"schema":{"@context":"https:\/\/schema.org","@graph":[{"@type":"WebPage","@id":"https:\/\/www.cercos.net\/es\/quienes-somos\/","url":"https:\/\/www.cercos.net\/es\/quienes-somos\/","name":"Quienes somos - Cerc\u00f3s &amp; Ari\u00f1o","isPartOf":{"@id":"https:\/\/www.cercos.net\/#website"},"datePublished":"2018-10-04T13:21:05+00:00","dateModified":"2025-05-29T09:23:56+00:00","description":"Som una corredoria jove i din\u00e0mica amb assessorament independent, tracte personalitzat i solucions asseguradores per a particulars i empreses.","breadcrumb":{"@id":"https:\/\/www.cercos.net\/es\/quienes-somos\/#breadcrumb"},"inLanguage":"es","potentialAction":[{"@type":"ReadAction","target":["https:\/\/www.cercos.net\/es\/quienes-somos\/"]}]},{"@type":"BreadcrumbList","@id":"https:\/\/www.cercos.net\/es\/quienes-somos\/#breadcrumb","itemListElement":[{"@type":"ListItem","position":1,"name":"Inici","item":"https:\/\/www.cercos.net\/es\/"},{"@type":"ListItem","position":2,"name":"Quienes somos"}]},{"@type":"WebSite","@id":"https:\/\/www.cercos.net\/#website","url":"https:\/\/www.cercos.net\/","name":"Cerc\u00f3s &amp; Ari\u00f1o","description":"Experts en assegurar","potentialAction":[{"@type":"SearchAction","target":{"@type":"EntryPoint","urlTemplate":"https:\/\/www.cercos.net\/?s={search_term_string}"},"query-input":{"@type":"PropertyValueSpecification","valueRequired":true,"valueName":"search_term_string"}}],"inLanguage":"es"}]}},"_links":{"self":[{"href":"https:\/\/www.cercos.net\/es\/wp-json\/wp\/v2\/pages\/522","targetHints":{"allow":["GET"]}}],"collection":[{"href":"https:\/\/www.cercos.net\/es\/wp-json\/wp\/v2\/pages"}],"about":[{"href":"https:\/\/www.cercos.net\/es\/wp-json\/wp\/v2\/types\/page"}],"author":[{"embeddable":true,"href":"https:\/\/www.cercos.net\/es\/wp-json\/wp\/v2\/users\/1"}],"replies":[{"embeddable":true,"href":"https:\/\/www.cercos.net\/es\/wp-json\/wp\/v2\/comments?post=522"}],"version-history":[{"count":4,"href":"https:\/\/www.cercos.net\/es\/wp-json\/wp\/v2\/pages\/522\/revisions"}],"predecessor-version":[{"id":842,"href":"https:\/\/www.cercos.net\/es\/wp-json\/wp\/v2\/pages\/522\/revisions\/842"}],"wp:attachment":[{"href":"https:\/\/www.cercos.net\/es\/wp-json\/wp\/v2\/media?parent=522"}],"curies":[{"name":"wp","href":"https:\/\/api.w.org\/{rel}","templated":true}]}}