{"id":579,"date":"2018-10-04T15:36:39","date_gmt":"2018-10-04T13:36:39","guid":{"rendered":"http:\/\/www.cercos.net\/asseguranca-de-salut\/"},"modified":"2018-10-17T10:03:20","modified_gmt":"2018-10-17T08:03:20","slug":"seguro-de-salud","status":"publish","type":"page","link":"https:\/\/www.cercos.net\/es\/seguro-de-salud\/","title":{"rendered":"Seguro de salud"},"content":{"rendered":"<p>[et_pb_section bb_built=\u00bb1&#8243; fullwidth=\u00bbon\u00bb specialty=\u00bboff\u00bb next_background_color=\u00bb#ffffff\u00bb _builder_version=\u00bb3.16&#8243; background_color=\u00bb#a62a28&#8243; custom_margin=\u00bb5px||5px|\u00bb][et_pb_fullwidth_post_title _builder_version=\u00bb3.16&#8243; meta=\u00bboff\u00bb featured_image=\u00bboff\u00bb background_color_gradient_start=\u00bb#29c4a9&#8243; background_color_gradient_end=\u00bb#2b87da\u00bb text_color=\u00bblight\u00bb title_font_size=\u00bb20px\u00bb custom_margin=\u00bb0px||0px|\u00bb custom_css_main_element=\u00bbpadding:10px 0 0 8px!important;\u00bb \/][\/et_pb_section][et_pb_section bb_built=\u00bb1&#8243; prev_background_color=\u00bb#a62a28&#8243;][et_pb_row _builder_version=\u00bb3.16&#8243;][et_pb_column type=\u00bb1_2&#8243;][et_pb_text _builder_version=\u00bb3.16&#8243;]<\/p>\n<p class=\"justify\">Los seguros de salud te permiten tener  a tu alcance un ampio abanico de profesionales de la medicina y disfrutar de la atenci\u00f3n y  servicios m\u00e9dicos personalizacos, r\u00e1pidos y de alto nivel. <\/p>\n<p class=\"justify\">Las modalidades existentes son las de un cuadro medico cerrando en el que, obligatoriamente, nos tendremos que remitir para obtener los servicios, y las de reembolso, en las cuales existe la libre elecci\u00f3n de profesionales y cl\u00ednicas y con la cual la aseguradora nos puede llegar a reembolsar hasta el 90% del gasto realizado.<\/p>\n<p class=\"justify\">Nuestra colaboraci\u00f3n con diferentes aseguradoras nos permite ofrecer soluciones adecuadas a tus necesidades; mujeres solas, ni\u00f1os, mayores de 65 a\u00f1os, etc<\/p>\n<p class=\"justify\">Si eres aut\u00f3nomo y tributas por estimaci\u00f3n directa tienes adem\u00e1s la posibilidad de deducci\u00f3n de hasta 500\u20ac anuales por persona.<\/p>\n<p class=\"justify\">Hay que comentar que si ya tienes alguna preexistencia, es decir, alguna lesi\u00f3n o enfermedad importante que hayas sufrido, es posible que la nueva aseguradora lo excluya. Hay que tener en cuenta este aspecto antes de realizar cualquier cambio de mutua.<\/p>\n<p>[\/et_pb_text][\/et_pb_column][et_pb_column type=\u00bb1_2&#8243;][et_pb_image _builder_version=\u00bb3.16&#8243; src=\u00bbhttp:\/\/www.cercos.net\/wp-content\/uploads\/seguro-salud.png\u00bb \/][et_pb_button _builder_version=\u00bb3.16&#8243; button_text=\u00bbRellena nuestro formulario y recibir\u00e1s un presupuesto personalizado\u00bb button_url=\u00bb\/es\/contacto\u00bb button_alignment=\u00bbcenter\u00bb custom_button=\u00bbon\u00bb button_text_size=\u00bb16&#8243; button_text_color=\u00bb#000000&#8243; button_border_color=\u00bb#a62a28&#8243; button_icon=\u00bb%%73%%\u00bb button_icon_color=\u00bb#a62a28&#8243; button_icon_placement=\u00bbleft\u00bb button_on_hover=\u00bboff\u00bb \/][\/et_pb_column][\/et_pb_row][\/et_pb_section]<\/p>\n","protected":false},"excerpt":{"rendered":"<p>Los seguros de salud te permiten tener a tu alcance un ampio abanico de profesionales de la medicina y disfrutar de la atenci\u00f3n y servicios m\u00e9dicos personalizacos, r\u00e1pidos y de alto nivel. Las modalidades existentes son las de un cuadro medico cerrando en el que, obligatoriamente, nos tendremos que remitir para obtener los servicios, y [&hellip;]<\/p>\n","protected":false},"author":1,"featured_media":0,"parent":0,"menu_order":0,"comment_status":"closed","ping_status":"closed","template":"","meta":{"_et_pb_use_builder":"on","_et_pb_old_content":"","_et_gb_content_width":"","footnotes":""},"class_list":["post-579","page","type-page","status-publish","hentry"],"yoast_head":"<!-- This site is optimized with the Yoast SEO plugin v27.5 - https:\/\/yoast.com\/product\/yoast-seo-wordpress\/ -->\n<title>Seguro de salud - Cerc\u00f3s &amp; Ari\u00f1o<\/title>\n<meta name=\"robots\" content=\"index, follow, max-snippet:-1, max-image-preview:large, max-video-preview:-1\" \/>\n<link rel=\"canonical\" href=\"https:\/\/www.cercos.net\/es\/seguro-de-salud\/\" \/>\n<meta property=\"og:locale\" content=\"es_ES\" \/>\n<meta property=\"og:type\" content=\"article\" \/>\n<meta property=\"og:title\" content=\"Seguro de salud - Cerc\u00f3s &amp; Ari\u00f1o\" \/>\n<meta property=\"og:description\" content=\"Los seguros de salud te permiten tener a tu alcance un ampio abanico de profesionales de la medicina y disfrutar de la atenci\u00f3n y servicios m\u00e9dicos personalizacos, r\u00e1pidos y de alto nivel. Las modalidades existentes son las de un cuadro medico cerrando en el que, obligatoriamente, nos tendremos que remitir para obtener los servicios, y [&hellip;]\" \/>\n<meta property=\"og:url\" content=\"https:\/\/www.cercos.net\/es\/seguro-de-salud\/\" \/>\n<meta property=\"og:site_name\" content=\"Cerc\u00f3s &amp; Ari\u00f1o\" \/>\n<meta property=\"article:modified_time\" content=\"2018-10-17T08:03:20+00:00\" \/>\n<meta name=\"twitter:card\" content=\"summary_large_image\" \/>\n<meta name=\"twitter:label1\" content=\"Tiempo de lectura\" \/>\n\t<meta name=\"twitter:data1\" content=\"2 minutos\" \/>\n<script type=\"application\/ld+json\" class=\"yoast-schema-graph\">{\"@context\":\"https:\\\/\\\/schema.org\",\"@graph\":[{\"@type\":\"WebPage\",\"@id\":\"https:\\\/\\\/www.cercos.net\\\/es\\\/seguro-de-salud\\\/\",\"url\":\"https:\\\/\\\/www.cercos.net\\\/es\\\/seguro-de-salud\\\/\",\"name\":\"Seguro de salud - Cerc\u00f3s &amp; Ari\u00f1o\",\"isPartOf\":{\"@id\":\"https:\\\/\\\/www.cercos.net\\\/#website\"},\"datePublished\":\"2018-10-04T13:36:39+00:00\",\"dateModified\":\"2018-10-17T08:03:20+00:00\",\"breadcrumb\":{\"@id\":\"https:\\\/\\\/www.cercos.net\\\/es\\\/seguro-de-salud\\\/#breadcrumb\"},\"inLanguage\":\"es\",\"potentialAction\":[{\"@type\":\"ReadAction\",\"target\":[\"https:\\\/\\\/www.cercos.net\\\/es\\\/seguro-de-salud\\\/\"]}]},{\"@type\":\"BreadcrumbList\",\"@id\":\"https:\\\/\\\/www.cercos.net\\\/es\\\/seguro-de-salud\\\/#breadcrumb\",\"itemListElement\":[{\"@type\":\"ListItem\",\"position\":1,\"name\":\"Inici\",\"item\":\"https:\\\/\\\/www.cercos.net\\\/es\\\/\"},{\"@type\":\"ListItem\",\"position\":2,\"name\":\"Seguro de salud\"}]},{\"@type\":\"WebSite\",\"@id\":\"https:\\\/\\\/www.cercos.net\\\/#website\",\"url\":\"https:\\\/\\\/www.cercos.net\\\/\",\"name\":\"Cerc\u00f3s &amp; Ari\u00f1o\",\"description\":\"Experts en assegurar\",\"potentialAction\":[{\"@type\":\"SearchAction\",\"target\":{\"@type\":\"EntryPoint\",\"urlTemplate\":\"https:\\\/\\\/www.cercos.net\\\/?s={search_term_string}\"},\"query-input\":{\"@type\":\"PropertyValueSpecification\",\"valueRequired\":true,\"valueName\":\"search_term_string\"}}],\"inLanguage\":\"es\"}]}<\/script>\n<!-- \/ Yoast SEO plugin. -->","yoast_head_json":{"title":"Seguro de salud - Cerc\u00f3s &amp; Ari\u00f1o","robots":{"index":"index","follow":"follow","max-snippet":"max-snippet:-1","max-image-preview":"max-image-preview:large","max-video-preview":"max-video-preview:-1"},"canonical":"https:\/\/www.cercos.net\/es\/seguro-de-salud\/","og_locale":"es_ES","og_type":"article","og_title":"Seguro de salud - Cerc\u00f3s &amp; Ari\u00f1o","og_description":"Los seguros de salud te permiten tener a tu alcance un ampio abanico de profesionales de la medicina y disfrutar de la atenci\u00f3n y servicios m\u00e9dicos personalizacos, r\u00e1pidos y de alto nivel. Las modalidades existentes son las de un cuadro medico cerrando en el que, obligatoriamente, nos tendremos que remitir para obtener los servicios, y [&hellip;]","og_url":"https:\/\/www.cercos.net\/es\/seguro-de-salud\/","og_site_name":"Cerc\u00f3s &amp; Ari\u00f1o","article_modified_time":"2018-10-17T08:03:20+00:00","twitter_card":"summary_large_image","twitter_misc":{"Tiempo de lectura":"2 minutos"},"schema":{"@context":"https:\/\/schema.org","@graph":[{"@type":"WebPage","@id":"https:\/\/www.cercos.net\/es\/seguro-de-salud\/","url":"https:\/\/www.cercos.net\/es\/seguro-de-salud\/","name":"Seguro de salud - Cerc\u00f3s &amp; Ari\u00f1o","isPartOf":{"@id":"https:\/\/www.cercos.net\/#website"},"datePublished":"2018-10-04T13:36:39+00:00","dateModified":"2018-10-17T08:03:20+00:00","breadcrumb":{"@id":"https:\/\/www.cercos.net\/es\/seguro-de-salud\/#breadcrumb"},"inLanguage":"es","potentialAction":[{"@type":"ReadAction","target":["https:\/\/www.cercos.net\/es\/seguro-de-salud\/"]}]},{"@type":"BreadcrumbList","@id":"https:\/\/www.cercos.net\/es\/seguro-de-salud\/#breadcrumb","itemListElement":[{"@type":"ListItem","position":1,"name":"Inici","item":"https:\/\/www.cercos.net\/es\/"},{"@type":"ListItem","position":2,"name":"Seguro de salud"}]},{"@type":"WebSite","@id":"https:\/\/www.cercos.net\/#website","url":"https:\/\/www.cercos.net\/","name":"Cerc\u00f3s &amp; Ari\u00f1o","description":"Experts en assegurar","potentialAction":[{"@type":"SearchAction","target":{"@type":"EntryPoint","urlTemplate":"https:\/\/www.cercos.net\/?s={search_term_string}"},"query-input":{"@type":"PropertyValueSpecification","valueRequired":true,"valueName":"search_term_string"}}],"inLanguage":"es"}]}},"_links":{"self":[{"href":"https:\/\/www.cercos.net\/es\/wp-json\/wp\/v2\/pages\/579","targetHints":{"allow":["GET"]}}],"collection":[{"href":"https:\/\/www.cercos.net\/es\/wp-json\/wp\/v2\/pages"}],"about":[{"href":"https:\/\/www.cercos.net\/es\/wp-json\/wp\/v2\/types\/page"}],"author":[{"embeddable":true,"href":"https:\/\/www.cercos.net\/es\/wp-json\/wp\/v2\/users\/1"}],"replies":[{"embeddable":true,"href":"https:\/\/www.cercos.net\/es\/wp-json\/wp\/v2\/comments?post=579"}],"version-history":[{"count":3,"href":"https:\/\/www.cercos.net\/es\/wp-json\/wp\/v2\/pages\/579\/revisions"}],"predecessor-version":[{"id":584,"href":"https:\/\/www.cercos.net\/es\/wp-json\/wp\/v2\/pages\/579\/revisions\/584"}],"wp:attachment":[{"href":"https:\/\/www.cercos.net\/es\/wp-json\/wp\/v2\/media?parent=579"}],"curies":[{"name":"wp","href":"https:\/\/api.w.org\/{rel}","templated":true}]}}