{"id":607,"date":"2018-10-04T15:48:39","date_gmt":"2018-10-04T13:48:39","guid":{"rendered":"http:\/\/www.cercos.net\/responsabilitat-civil\/"},"modified":"2025-05-29T11:31:40","modified_gmt":"2025-05-29T09:31:40","slug":"responsabilidad-civil","status":"publish","type":"page","link":"https:\/\/www.cercos.net\/es\/responsabilidad-civil\/","title":{"rendered":"Responsabilidad civil"},"content":{"rendered":"<p>[et_pb_section fb_built=\u00bb1&#8243; fullwidth=\u00bbon\u00bb _builder_version=\u00bb4.16&#8243; background_color=\u00bb#a62a28&#8243; custom_margin=\u00bb5px||5px|\u00bb global_colors_info=\u00bb{}\u00bb][et_pb_fullwidth_post_title meta=\u00bboff\u00bb featured_image=\u00bboff\u00bb text_color=\u00bblight\u00bb _builder_version=\u00bb4.16&#8243; title_font_size=\u00bb20px\u00bb background_color_gradient_start=\u00bb#29c4a9&#8243; background_color_gradient_end=\u00bb#2b87da\u00bb custom_margin=\u00bb0px||0px|\u00bb custom_css_main_element=\u00bbpadding:10px 0 0 8px!important;\u00bb global_colors_info=\u00bb{}\u00bb][\/et_pb_fullwidth_post_title][\/et_pb_section][et_pb_section fb_built=\u00bb1&#8243; _builder_version=\u00bb4.16&#8243; global_colors_info=\u00bb{}\u00bb][et_pb_row _builder_version=\u00bb4.16&#8243; background_size=\u00bbinitial\u00bb background_position=\u00bbtop_left\u00bb background_repeat=\u00bbrepeat\u00bb global_colors_info=\u00bb{}\u00bb column_structure=\u00bb1_2,1_2&#8243;][et_pb_column type=\u00bb1_2&#8243; _builder_version=\u00bb4.16&#8243; custom_padding=\u00bb|||\u00bb global_colors_info=\u00bb{}\u00bb custom_padding__hover=\u00bb|||\u00bb][et_pb_text _builder_version=\u00bb4.16&#8243; global_colors_info=\u00bb{}\u00bb]<\/p>\n<p class=\"justify\">Los seguros de responsabilidad civil trasladan a la aseguradora el impacto que puede tener una reclamaci\u00f3n sobre el patrimonio empresarial o personal. Hoy d\u00eda es imprescindible dar cobertura a los posibles da\u00f1os que podamos causar en el desarrollo de nuestra actividad, ya sea profesional (m\u00e9dicos, abogados, arquitectos, gestores), industrial (fabricaci\u00f3n, construcci\u00f3n, instalaciones, transportes) o, incluso, medioambiental.<\/p>\n<p class=\"justify\">Hay que tener en cuenta que no solamente somos responsables de nuestros actos, sino que tambi\u00e9n lo somos por aquellos actos realizados por cuyas personas debemos responder ( trabajadores, subcontratistas, etc.).<\/p>\n<p>Hay varios par\u00e1metros para determinar el precio del seguro de responsabilidad civil, por eso solo te pedimos tus datos b\u00e1sicos que encontraras en nuestro formulario y nos pondremos con contacto contigo para valorar tu riesgo.<\/p>\n<p>[\/et_pb_text][et_pb_button button_url=\u00bb\/es\/contacto\u00bb button_text=\u00bbRellena nuestro formulario\u00bb button_alignment=\u00bbcenter\u00bb _builder_version=\u00bb4.16&#8243; custom_button=\u00bbon\u00bb button_text_size=\u00bb14&#8243; button_text_color=\u00bb#000000&#8243; button_border_color=\u00bb#a62a28&#8243; button_icon=\u00bb&#x6a;||divi||400&#8243; button_icon_color=\u00bb#000000&#8243; button_icon_placement=\u00bbleft\u00bb button_on_hover=\u00bboff\u00bb custom_css_main_element=\u00bbwidth:100%;\u00bb global_colors_info=\u00bb{}\u00bb][\/et_pb_button][\/et_pb_column][et_pb_column type=\u00bb1_2&#8243; _builder_version=\u00bb4.16&#8243; custom_padding=\u00bb|||\u00bb global_colors_info=\u00bb{}\u00bb custom_padding__hover=\u00bb|||\u00bb][et_pb_image src=\u00bbhttps:\/\/www.cercos.net\/wp-content\/uploads\/responsabilidad-civil.png\u00bb align_tablet=\u00bbcenter\u00bb align_last_edited=\u00bbon|desktop\u00bb _builder_version=\u00bb4.16&#8243; global_colors_info=\u00bb{}\u00bb align_phone=\u00bbcenter\u00bb][\/et_pb_image][\/et_pb_column][\/et_pb_row][\/et_pb_section]<\/p>\n","protected":false},"excerpt":{"rendered":"<p>Los seguros de responsabilidad civil trasladan a la aseguradora el impacto que puede tener una reclamaci\u00f3n sobre el patrimonio empresarial o personal. Hoy d\u00eda es imprescindible dar cobertura a los posibles da\u00f1os que podamos causar en el desarrollo de nuestra actividad, ya sea profesional (m\u00e9dicos, abogados, arquitectos, gestores), industrial (fabricaci\u00f3n, construcci\u00f3n, instalaciones, transportes) o, incluso, [&hellip;]<\/p>\n","protected":false},"author":1,"featured_media":0,"parent":0,"menu_order":0,"comment_status":"closed","ping_status":"closed","template":"","meta":{"_et_pb_use_builder":"on","_et_pb_old_content":"","_et_gb_content_width":"","footnotes":""},"class_list":["post-607","page","type-page","status-publish","hentry"],"yoast_head":"<!-- This site is optimized with the Yoast SEO plugin v27.3 - https:\/\/yoast.com\/product\/yoast-seo-wordpress\/ -->\n<title>Responsabilidad civil - Cerc\u00f3s &amp; Ari\u00f1o<\/title>\n<meta name=\"description\" content=\"Protege tu patrimonio con un seguro de responsabilidad civil. Coberturas para profesionales, empresas, industria y riesgos medioambientales.\" \/>\n<meta name=\"robots\" content=\"index, follow, max-snippet:-1, max-image-preview:large, max-video-preview:-1\" \/>\n<link rel=\"canonical\" href=\"https:\/\/www.cercos.net\/es\/responsabilidad-civil\/\" \/>\n<meta property=\"og:locale\" content=\"es_ES\" \/>\n<meta property=\"og:type\" content=\"article\" \/>\n<meta property=\"og:title\" content=\"Responsabilidad civil - Cerc\u00f3s &amp; Ari\u00f1o\" \/>\n<meta property=\"og:description\" content=\"Protege tu patrimonio con un seguro de responsabilidad civil. Coberturas para profesionales, empresas, industria y riesgos medioambientales.\" \/>\n<meta property=\"og:url\" content=\"https:\/\/www.cercos.net\/es\/responsabilidad-civil\/\" \/>\n<meta property=\"og:site_name\" content=\"Cerc\u00f3s &amp; Ari\u00f1o\" \/>\n<meta property=\"article:modified_time\" content=\"2025-05-29T09:31:40+00:00\" \/>\n<meta name=\"twitter:card\" content=\"summary_large_image\" \/>\n<meta name=\"twitter:label1\" content=\"Tiempo de lectura\" \/>\n\t<meta name=\"twitter:data1\" content=\"1 minuto\" \/>\n<script type=\"application\/ld+json\" class=\"yoast-schema-graph\">{\"@context\":\"https:\\\/\\\/schema.org\",\"@graph\":[{\"@type\":\"WebPage\",\"@id\":\"https:\\\/\\\/www.cercos.net\\\/es\\\/responsabilidad-civil\\\/\",\"url\":\"https:\\\/\\\/www.cercos.net\\\/es\\\/responsabilidad-civil\\\/\",\"name\":\"Responsabilidad civil - Cerc\u00f3s &amp; Ari\u00f1o\",\"isPartOf\":{\"@id\":\"https:\\\/\\\/www.cercos.net\\\/#website\"},\"datePublished\":\"2018-10-04T13:48:39+00:00\",\"dateModified\":\"2025-05-29T09:31:40+00:00\",\"description\":\"Protege tu patrimonio con un seguro de responsabilidad civil. Coberturas para profesionales, empresas, industria y riesgos medioambientales.\",\"breadcrumb\":{\"@id\":\"https:\\\/\\\/www.cercos.net\\\/es\\\/responsabilidad-civil\\\/#breadcrumb\"},\"inLanguage\":\"es\",\"potentialAction\":[{\"@type\":\"ReadAction\",\"target\":[\"https:\\\/\\\/www.cercos.net\\\/es\\\/responsabilidad-civil\\\/\"]}]},{\"@type\":\"BreadcrumbList\",\"@id\":\"https:\\\/\\\/www.cercos.net\\\/es\\\/responsabilidad-civil\\\/#breadcrumb\",\"itemListElement\":[{\"@type\":\"ListItem\",\"position\":1,\"name\":\"Inici\",\"item\":\"https:\\\/\\\/www.cercos.net\\\/es\\\/\"},{\"@type\":\"ListItem\",\"position\":2,\"name\":\"Responsabilidad civil\"}]},{\"@type\":\"WebSite\",\"@id\":\"https:\\\/\\\/www.cercos.net\\\/#website\",\"url\":\"https:\\\/\\\/www.cercos.net\\\/\",\"name\":\"Cerc\u00f3s &amp; Ari\u00f1o\",\"description\":\"Experts en assegurar\",\"potentialAction\":[{\"@type\":\"SearchAction\",\"target\":{\"@type\":\"EntryPoint\",\"urlTemplate\":\"https:\\\/\\\/www.cercos.net\\\/?s={search_term_string}\"},\"query-input\":{\"@type\":\"PropertyValueSpecification\",\"valueRequired\":true,\"valueName\":\"search_term_string\"}}],\"inLanguage\":\"es\"}]}<\/script>\n<!-- \/ Yoast SEO plugin. -->","yoast_head_json":{"title":"Responsabilidad civil - Cerc\u00f3s &amp; Ari\u00f1o","description":"Protege tu patrimonio con un seguro de responsabilidad civil. Coberturas para profesionales, empresas, industria y riesgos medioambientales.","robots":{"index":"index","follow":"follow","max-snippet":"max-snippet:-1","max-image-preview":"max-image-preview:large","max-video-preview":"max-video-preview:-1"},"canonical":"https:\/\/www.cercos.net\/es\/responsabilidad-civil\/","og_locale":"es_ES","og_type":"article","og_title":"Responsabilidad civil - Cerc\u00f3s &amp; Ari\u00f1o","og_description":"Protege tu patrimonio con un seguro de responsabilidad civil. Coberturas para profesionales, empresas, industria y riesgos medioambientales.","og_url":"https:\/\/www.cercos.net\/es\/responsabilidad-civil\/","og_site_name":"Cerc\u00f3s &amp; Ari\u00f1o","article_modified_time":"2025-05-29T09:31:40+00:00","twitter_card":"summary_large_image","twitter_misc":{"Tiempo de lectura":"1 minuto"},"schema":{"@context":"https:\/\/schema.org","@graph":[{"@type":"WebPage","@id":"https:\/\/www.cercos.net\/es\/responsabilidad-civil\/","url":"https:\/\/www.cercos.net\/es\/responsabilidad-civil\/","name":"Responsabilidad civil - Cerc\u00f3s &amp; Ari\u00f1o","isPartOf":{"@id":"https:\/\/www.cercos.net\/#website"},"datePublished":"2018-10-04T13:48:39+00:00","dateModified":"2025-05-29T09:31:40+00:00","description":"Protege tu patrimonio con un seguro de responsabilidad civil. Coberturas para profesionales, empresas, industria y riesgos medioambientales.","breadcrumb":{"@id":"https:\/\/www.cercos.net\/es\/responsabilidad-civil\/#breadcrumb"},"inLanguage":"es","potentialAction":[{"@type":"ReadAction","target":["https:\/\/www.cercos.net\/es\/responsabilidad-civil\/"]}]},{"@type":"BreadcrumbList","@id":"https:\/\/www.cercos.net\/es\/responsabilidad-civil\/#breadcrumb","itemListElement":[{"@type":"ListItem","position":1,"name":"Inici","item":"https:\/\/www.cercos.net\/es\/"},{"@type":"ListItem","position":2,"name":"Responsabilidad civil"}]},{"@type":"WebSite","@id":"https:\/\/www.cercos.net\/#website","url":"https:\/\/www.cercos.net\/","name":"Cerc\u00f3s &amp; Ari\u00f1o","description":"Experts en assegurar","potentialAction":[{"@type":"SearchAction","target":{"@type":"EntryPoint","urlTemplate":"https:\/\/www.cercos.net\/?s={search_term_string}"},"query-input":{"@type":"PropertyValueSpecification","valueRequired":true,"valueName":"search_term_string"}}],"inLanguage":"es"}]}},"_links":{"self":[{"href":"https:\/\/www.cercos.net\/es\/wp-json\/wp\/v2\/pages\/607","targetHints":{"allow":["GET"]}}],"collection":[{"href":"https:\/\/www.cercos.net\/es\/wp-json\/wp\/v2\/pages"}],"about":[{"href":"https:\/\/www.cercos.net\/es\/wp-json\/wp\/v2\/types\/page"}],"author":[{"embeddable":true,"href":"https:\/\/www.cercos.net\/es\/wp-json\/wp\/v2\/users\/1"}],"replies":[{"embeddable":true,"href":"https:\/\/www.cercos.net\/es\/wp-json\/wp\/v2\/comments?post=607"}],"version-history":[{"count":3,"href":"https:\/\/www.cercos.net\/es\/wp-json\/wp\/v2\/pages\/607\/revisions"}],"predecessor-version":[{"id":851,"href":"https:\/\/www.cercos.net\/es\/wp-json\/wp\/v2\/pages\/607\/revisions\/851"}],"wp:attachment":[{"href":"https:\/\/www.cercos.net\/es\/wp-json\/wp\/v2\/media?parent=607"}],"curies":[{"name":"wp","href":"https:\/\/api.w.org\/{rel}","templated":true}]}}