{"id":613,"date":"2018-10-04T15:49:04","date_gmt":"2018-10-04T13:49:04","guid":{"rendered":"http:\/\/www.cercos.net\/multirisc-empresa-i-negoci\/"},"modified":"2025-05-29T11:32:27","modified_gmt":"2025-05-29T09:32:27","slug":"multiriesgo-empresa-y-negocio","status":"publish","type":"page","link":"https:\/\/www.cercos.net\/es\/multiriesgo-empresa-y-negocio\/","title":{"rendered":"Multiriesgo empresa y negocio"},"content":{"rendered":"<p>[et_pb_section fb_built=\u00bb1&#8243; fullwidth=\u00bbon\u00bb _builder_version=\u00bb4.16&#8243; background_color=\u00bb#a62a28&#8243; custom_margin=\u00bb5px||5px|\u00bb global_colors_info=\u00bb{}\u00bb][et_pb_fullwidth_post_title meta=\u00bboff\u00bb featured_image=\u00bboff\u00bb text_color=\u00bblight\u00bb _builder_version=\u00bb4.16&#8243; title_font_size=\u00bb20px\u00bb background_color_gradient_start=\u00bb#29c4a9&#8243; background_color_gradient_end=\u00bb#2b87da\u00bb custom_margin=\u00bb0px||0px|\u00bb custom_css_main_element=\u00bbpadding:10px 0 0 8px!important;\u00bb global_colors_info=\u00bb{}\u00bb][\/et_pb_fullwidth_post_title][\/et_pb_section][et_pb_section fb_built=\u00bb1&#8243; _builder_version=\u00bb4.16&#8243; global_colors_info=\u00bb{}\u00bb][et_pb_row _builder_version=\u00bb4.16&#8243; background_size=\u00bbinitial\u00bb background_position=\u00bbtop_left\u00bb background_repeat=\u00bbrepeat\u00bb global_colors_info=\u00bb{}\u00bb column_structure=\u00bb1_2,1_2&#8243;][et_pb_column type=\u00bb1_2&#8243; _builder_version=\u00bb4.16&#8243; custom_padding=\u00bb|||\u00bb global_colors_info=\u00bb{}\u00bb custom_padding__hover=\u00bb|||\u00bb][et_pb_image src=\u00bbhttps:\/\/www.cercos.net\/wp-content\/uploads\/multiriesgo.png\u00bb align_tablet=\u00bbcenter\u00bb align_last_edited=\u00bbon|desktop\u00bb _builder_version=\u00bb4.16&#8243; global_colors_info=\u00bb{}\u00bb align_phone=\u00bbcenter\u00bb][\/et_pb_image][\/et_pb_column][et_pb_column type=\u00bb1_2&#8243; _builder_version=\u00bb4.16&#8243; custom_padding=\u00bb|||\u00bb global_colors_info=\u00bb{}\u00bb custom_padding__hover=\u00bb|||\u00bb][et_pb_text _builder_version=\u00bb4.16&#8243; global_colors_info=\u00bb{}\u00bb]<\/p>\n<p class=\"justify\">El seguro de multiriesgo emprendida-negocio nos permite dar <strong>cobertura a la mayor\u00eda de riesgos<\/strong> que puedan causarnos da\u00f1os y\/o amenazar la continuidad de la actividad.<\/p>\n<p class=\"justify\">La diversidad de locales y actividades requieren una respuesta adecuada a sus necesidades y, es aqu\u00ed, donde nosotros aportamos nuestra experiencia personalizando el seguro a las caracter\u00edsticas de tu empresa o negocio.<\/p>\n<p class=\"justify\">Si quieres recibir una oferta para tu empresa o negocio llena el formulario. Si quieres recibir sencillamente nuestra opini\u00f3n sobre el que ya tienes, env\u00edanos tu contrato actual o llena nuestro formulario y en breve nos pondremos en contacto contigo.<\/p>\n<p>[\/et_pb_text][et_pb_button button_url=\u00bb\/es\/contacto\/\u00bb button_text=\u00bbRellena el formulario y solicita una cotizaci\u00f3n\u00bb button_alignment=\u00bbcenter\u00bb _builder_version=\u00bb4.16&#8243; custom_button=\u00bbon\u00bb button_text_size=\u00bb14&#8243; button_text_color=\u00bb#000000&#8243; button_border_color=\u00bb#a62a28&#8243; button_icon=\u00bb&#x6a;||divi||400&#8243; button_icon_color=\u00bb#000000&#8243; button_icon_placement=\u00bbleft\u00bb button_on_hover=\u00bboff\u00bb custom_css_main_element=\u00bbwidth:100%;\u00bb global_colors_info=\u00bb{}\u00bb][\/et_pb_button][\/et_pb_column][\/et_pb_row][\/et_pb_section]<\/p>\n","protected":false},"excerpt":{"rendered":"<p>El seguro de multiriesgo emprendida-negocio nos permite dar cobertura a la mayor\u00eda de riesgos que puedan causarnos da\u00f1os y\/o amenazar la continuidad de la actividad. La diversidad de locales y actividades requieren una respuesta adecuada a sus necesidades y, es aqu\u00ed, donde nosotros aportamos nuestra experiencia personalizando el seguro a las caracter\u00edsticas de tu empresa [&hellip;]<\/p>\n","protected":false},"author":1,"featured_media":0,"parent":0,"menu_order":0,"comment_status":"closed","ping_status":"closed","template":"","meta":{"_et_pb_use_builder":"on","_et_pb_old_content":"","_et_gb_content_width":"","footnotes":""},"class_list":["post-613","page","type-page","status-publish","hentry"],"yoast_head":"<!-- This site is optimized with the Yoast SEO plugin v27.3 - https:\/\/yoast.com\/product\/yoast-seo-wordpress\/ -->\n<title>Multiriesgo empresa y negocio - Cerc\u00f3s &amp; Ari\u00f1o<\/title>\n<meta name=\"description\" content=\"Seguros multirriesgo para empresas y negocios. Protecci\u00f3n personalizada frente a da\u00f1os, interrupciones y riesgos seg\u00fan tu actividad.\" \/>\n<meta name=\"robots\" content=\"index, follow, max-snippet:-1, max-image-preview:large, max-video-preview:-1\" \/>\n<link rel=\"canonical\" href=\"https:\/\/www.cercos.net\/es\/multiriesgo-empresa-y-negocio\/\" \/>\n<meta property=\"og:locale\" content=\"es_ES\" \/>\n<meta property=\"og:type\" content=\"article\" \/>\n<meta property=\"og:title\" content=\"Multiriesgo empresa y negocio - Cerc\u00f3s &amp; Ari\u00f1o\" \/>\n<meta property=\"og:description\" content=\"Seguros multirriesgo para empresas y negocios. Protecci\u00f3n personalizada frente a da\u00f1os, interrupciones y riesgos seg\u00fan tu actividad.\" \/>\n<meta property=\"og:url\" content=\"https:\/\/www.cercos.net\/es\/multiriesgo-empresa-y-negocio\/\" \/>\n<meta property=\"og:site_name\" content=\"Cerc\u00f3s &amp; Ari\u00f1o\" \/>\n<meta property=\"article:modified_time\" content=\"2025-05-29T09:32:27+00:00\" \/>\n<meta name=\"twitter:card\" content=\"summary_large_image\" \/>\n<meta name=\"twitter:label1\" content=\"Tiempo de lectura\" \/>\n\t<meta name=\"twitter:data1\" content=\"1 minuto\" \/>\n<script type=\"application\/ld+json\" class=\"yoast-schema-graph\">{\"@context\":\"https:\\\/\\\/schema.org\",\"@graph\":[{\"@type\":\"WebPage\",\"@id\":\"https:\\\/\\\/www.cercos.net\\\/es\\\/multiriesgo-empresa-y-negocio\\\/\",\"url\":\"https:\\\/\\\/www.cercos.net\\\/es\\\/multiriesgo-empresa-y-negocio\\\/\",\"name\":\"Multiriesgo empresa y negocio - Cerc\u00f3s &amp; Ari\u00f1o\",\"isPartOf\":{\"@id\":\"https:\\\/\\\/www.cercos.net\\\/#website\"},\"datePublished\":\"2018-10-04T13:49:04+00:00\",\"dateModified\":\"2025-05-29T09:32:27+00:00\",\"description\":\"Seguros multirriesgo para empresas y negocios. Protecci\u00f3n personalizada frente a da\u00f1os, interrupciones y riesgos seg\u00fan tu actividad.\",\"breadcrumb\":{\"@id\":\"https:\\\/\\\/www.cercos.net\\\/es\\\/multiriesgo-empresa-y-negocio\\\/#breadcrumb\"},\"inLanguage\":\"es\",\"potentialAction\":[{\"@type\":\"ReadAction\",\"target\":[\"https:\\\/\\\/www.cercos.net\\\/es\\\/multiriesgo-empresa-y-negocio\\\/\"]}]},{\"@type\":\"BreadcrumbList\",\"@id\":\"https:\\\/\\\/www.cercos.net\\\/es\\\/multiriesgo-empresa-y-negocio\\\/#breadcrumb\",\"itemListElement\":[{\"@type\":\"ListItem\",\"position\":1,\"name\":\"Inici\",\"item\":\"https:\\\/\\\/www.cercos.net\\\/es\\\/\"},{\"@type\":\"ListItem\",\"position\":2,\"name\":\"Multiriesgo empresa y negocio\"}]},{\"@type\":\"WebSite\",\"@id\":\"https:\\\/\\\/www.cercos.net\\\/#website\",\"url\":\"https:\\\/\\\/www.cercos.net\\\/\",\"name\":\"Cerc\u00f3s &amp; Ari\u00f1o\",\"description\":\"Experts en assegurar\",\"potentialAction\":[{\"@type\":\"SearchAction\",\"target\":{\"@type\":\"EntryPoint\",\"urlTemplate\":\"https:\\\/\\\/www.cercos.net\\\/?s={search_term_string}\"},\"query-input\":{\"@type\":\"PropertyValueSpecification\",\"valueRequired\":true,\"valueName\":\"search_term_string\"}}],\"inLanguage\":\"es\"}]}<\/script>\n<!-- \/ Yoast SEO plugin. -->","yoast_head_json":{"title":"Multiriesgo empresa y negocio - Cerc\u00f3s &amp; Ari\u00f1o","description":"Seguros multirriesgo para empresas y negocios. Protecci\u00f3n personalizada frente a da\u00f1os, interrupciones y riesgos seg\u00fan tu actividad.","robots":{"index":"index","follow":"follow","max-snippet":"max-snippet:-1","max-image-preview":"max-image-preview:large","max-video-preview":"max-video-preview:-1"},"canonical":"https:\/\/www.cercos.net\/es\/multiriesgo-empresa-y-negocio\/","og_locale":"es_ES","og_type":"article","og_title":"Multiriesgo empresa y negocio - Cerc\u00f3s &amp; Ari\u00f1o","og_description":"Seguros multirriesgo para empresas y negocios. Protecci\u00f3n personalizada frente a da\u00f1os, interrupciones y riesgos seg\u00fan tu actividad.","og_url":"https:\/\/www.cercos.net\/es\/multiriesgo-empresa-y-negocio\/","og_site_name":"Cerc\u00f3s &amp; Ari\u00f1o","article_modified_time":"2025-05-29T09:32:27+00:00","twitter_card":"summary_large_image","twitter_misc":{"Tiempo de lectura":"1 minuto"},"schema":{"@context":"https:\/\/schema.org","@graph":[{"@type":"WebPage","@id":"https:\/\/www.cercos.net\/es\/multiriesgo-empresa-y-negocio\/","url":"https:\/\/www.cercos.net\/es\/multiriesgo-empresa-y-negocio\/","name":"Multiriesgo empresa y negocio - Cerc\u00f3s &amp; Ari\u00f1o","isPartOf":{"@id":"https:\/\/www.cercos.net\/#website"},"datePublished":"2018-10-04T13:49:04+00:00","dateModified":"2025-05-29T09:32:27+00:00","description":"Seguros multirriesgo para empresas y negocios. Protecci\u00f3n personalizada frente a da\u00f1os, interrupciones y riesgos seg\u00fan tu actividad.","breadcrumb":{"@id":"https:\/\/www.cercos.net\/es\/multiriesgo-empresa-y-negocio\/#breadcrumb"},"inLanguage":"es","potentialAction":[{"@type":"ReadAction","target":["https:\/\/www.cercos.net\/es\/multiriesgo-empresa-y-negocio\/"]}]},{"@type":"BreadcrumbList","@id":"https:\/\/www.cercos.net\/es\/multiriesgo-empresa-y-negocio\/#breadcrumb","itemListElement":[{"@type":"ListItem","position":1,"name":"Inici","item":"https:\/\/www.cercos.net\/es\/"},{"@type":"ListItem","position":2,"name":"Multiriesgo empresa y negocio"}]},{"@type":"WebSite","@id":"https:\/\/www.cercos.net\/#website","url":"https:\/\/www.cercos.net\/","name":"Cerc\u00f3s &amp; Ari\u00f1o","description":"Experts en assegurar","potentialAction":[{"@type":"SearchAction","target":{"@type":"EntryPoint","urlTemplate":"https:\/\/www.cercos.net\/?s={search_term_string}"},"query-input":{"@type":"PropertyValueSpecification","valueRequired":true,"valueName":"search_term_string"}}],"inLanguage":"es"}]}},"_links":{"self":[{"href":"https:\/\/www.cercos.net\/es\/wp-json\/wp\/v2\/pages\/613","targetHints":{"allow":["GET"]}}],"collection":[{"href":"https:\/\/www.cercos.net\/es\/wp-json\/wp\/v2\/pages"}],"about":[{"href":"https:\/\/www.cercos.net\/es\/wp-json\/wp\/v2\/types\/page"}],"author":[{"embeddable":true,"href":"https:\/\/www.cercos.net\/es\/wp-json\/wp\/v2\/users\/1"}],"replies":[{"embeddable":true,"href":"https:\/\/www.cercos.net\/es\/wp-json\/wp\/v2\/comments?post=613"}],"version-history":[{"count":6,"href":"https:\/\/www.cercos.net\/es\/wp-json\/wp\/v2\/pages\/613\/revisions"}],"predecessor-version":[{"id":853,"href":"https:\/\/www.cercos.net\/es\/wp-json\/wp\/v2\/pages\/613\/revisions\/853"}],"wp:attachment":[{"href":"https:\/\/www.cercos.net\/es\/wp-json\/wp\/v2\/media?parent=613"}],"curies":[{"name":"wp","href":"https:\/\/api.w.org\/{rel}","templated":true}]}}