{"id":641,"date":"2018-10-04T15:50:26","date_gmt":"2018-10-04T13:50:26","guid":{"rendered":"http:\/\/www.cercos.net\/credit-i-caucio\/"},"modified":"2025-05-29T11:33:56","modified_gmt":"2025-05-29T09:33:56","slug":"credito-y-caucion","status":"publish","type":"page","link":"https:\/\/www.cercos.net\/es\/credito-y-caucion\/","title":{"rendered":"Credito y cauci\u00f3n"},"content":{"rendered":"<p>[et_pb_section fb_built=\u00bb1&#8243; fullwidth=\u00bbon\u00bb _builder_version=\u00bb4.16&#8243; background_color=\u00bb#a62a28&#8243; custom_margin=\u00bb5px||5px|\u00bb global_colors_info=\u00bb{}\u00bb][et_pb_fullwidth_post_title meta=\u00bboff\u00bb featured_image=\u00bboff\u00bb text_color=\u00bblight\u00bb _builder_version=\u00bb4.16&#8243; title_font_size=\u00bb20px\u00bb background_color_gradient_start=\u00bb#29c4a9&#8243; background_color_gradient_end=\u00bb#2b87da\u00bb custom_margin=\u00bb0px||0px|\u00bb custom_css_main_element=\u00bbpadding:10px 0 0 8px!important;\u00bb global_colors_info=\u00bb{}\u00bb][\/et_pb_fullwidth_post_title][\/et_pb_section][et_pb_section fb_built=\u00bb1&#8243; _builder_version=\u00bb4.16&#8243; global_colors_info=\u00bb{}\u00bb][et_pb_row _builder_version=\u00bb4.16&#8243; background_size=\u00bbinitial\u00bb background_position=\u00bbtop_left\u00bb background_repeat=\u00bbrepeat\u00bb global_colors_info=\u00bb{}\u00bb column_structure=\u00bb1_2,1_2&#8243;][et_pb_column type=\u00bb1_2&#8243; _builder_version=\u00bb4.16&#8243; custom_padding=\u00bb|||\u00bb global_colors_info=\u00bb{}\u00bb custom_padding__hover=\u00bb|||\u00bb][et_pb_accordion open_toggle_text_color=\u00bb#a62a28&#8243; closed_toggle_text_color=\u00bb#a62a28&#8243; icon_color=\u00bb#a62a28&#8243; _builder_version=\u00bb4.16&#8243; toggle_font=\u00bb|700|||||||\u00bb global_colors_info=\u00bb{}\u00bb][et_pb_accordion_item title=\u00bbCREDITO\u00bb _builder_version=\u00bb3.16&#8243; global_colors_info=\u00bb{}\u00bb open=\u00bbon\u00bb]<\/p>\n<p class=\"justify\">Toda empresa que venda a cr\u00e9dito tiene riesgo de impago y, a menudo, puede venir del cliente menos esperado.<\/p>\n<p class=\"justify\">El seguro de cr\u00e9dito permite, por un Lado, <span class=\"red\">disminuir la repercusi\u00f3n de este riesgo del balance de una empresa<\/span> y, por otro lado, <span class=\"red\">establecer un control del cr\u00e9dito m\u00e1ximo otorgable a cada cliente.<\/span><\/p>\n<p class=\"justify\">Lo m\u00e1s usual es que se respalde el 80% de la factura impagada (una vez transcurrido el plazo establecido a la p\u00f3liza) y que la aseguradora realice la gesti\u00f3n de cobro ante el deudor por el importe total. Si finalmente este importe se recobra, se respalda al asegurado el 20% restante.<\/p>\n<p class=\"justify\">La peque\u00f1a empresa tambi\u00e9n tiene al alcance la posibilidad de contratar este tipo de seguro, incluso los aut\u00f3nomos.<\/p>\n<p>[\/et_pb_accordion_item][et_pb_accordion_item title=\u00bbCAUCI\u00d3N\u00bb _builder_version=\u00bb3.16&#8243; global_colors_info=\u00bb{}\u00bb open=\u00bboff\u00bb]<\/p>\n<p class=\"justify\">El seguro de cauci\u00f3n sirve como  <span class=\"red\">garant\u00eda de solvencia ante la administraci\u00f3n<\/span>, en caso de concursos p\u00fablicos o bien el desarrollo de algunas actividades (agencias de viajes, agentes inmobiliarios). No inmoviliza ning\u00fan recurso de la empresa, contrariamente al aval bancario, y es m\u00e1s econ\u00f3mica..<\/p>\n<p>[\/et_pb_accordion_item][\/et_pb_accordion][\/et_pb_column][et_pb_column type=\u00bb1_2&#8243; _builder_version=\u00bb4.16&#8243; custom_padding=\u00bb|||\u00bb global_colors_info=\u00bb{}\u00bb custom_padding__hover=\u00bb|||\u00bb][et_pb_image src=\u00bbhttps:\/\/www.cercos.net\/wp-content\/uploads\/credito-caucion.png\u00bb align_tablet=\u00bbcenter\u00bb align_last_edited=\u00bbon|desktop\u00bb _builder_version=\u00bb4.16&#8243; global_colors_info=\u00bb{}\u00bb align_phone=\u00bbcenter\u00bb][\/et_pb_image][\/et_pb_column][\/et_pb_row][\/et_pb_section]<\/p>\n","protected":false},"excerpt":{"rendered":"<p>Toda empresa que venda a cr\u00e9dito tiene riesgo de impago y, a menudo, puede venir del cliente menos esperado. El seguro de cr\u00e9dito permite, por un Lado, disminuir la repercusi\u00f3n de este riesgo del balance de una empresa y, por otro lado, establecer un control del cr\u00e9dito m\u00e1ximo otorgable a cada cliente. Lo m\u00e1s usual [&hellip;]<\/p>\n","protected":false},"author":1,"featured_media":0,"parent":0,"menu_order":0,"comment_status":"closed","ping_status":"closed","template":"","meta":{"_et_pb_use_builder":"on","_et_pb_old_content":"","_et_gb_content_width":"","footnotes":""},"class_list":["post-641","page","type-page","status-publish","hentry"],"yoast_head":"<!-- This site is optimized with the Yoast SEO plugin v27.5 - https:\/\/yoast.com\/product\/yoast-seo-wordpress\/ -->\n<title>Credito y cauci\u00f3n - Cerc\u00f3s &amp; Ari\u00f1o<\/title>\n<meta name=\"description\" content=\"Protege tu empresa frente a impagos con seguros de cr\u00e9dito y cauci\u00f3n. Cobertura para pymes y aut\u00f3nomos con gesti\u00f3n de cobro incluida.\" \/>\n<meta name=\"robots\" content=\"index, follow, max-snippet:-1, max-image-preview:large, max-video-preview:-1\" \/>\n<link rel=\"canonical\" href=\"https:\/\/www.cercos.net\/es\/credito-y-caucion\/\" \/>\n<meta property=\"og:locale\" content=\"es_ES\" \/>\n<meta property=\"og:type\" content=\"article\" \/>\n<meta property=\"og:title\" content=\"Credito y cauci\u00f3n - Cerc\u00f3s &amp; Ari\u00f1o\" \/>\n<meta property=\"og:description\" content=\"Protege tu empresa frente a impagos con seguros de cr\u00e9dito y cauci\u00f3n. Cobertura para pymes y aut\u00f3nomos con gesti\u00f3n de cobro incluida.\" \/>\n<meta property=\"og:url\" content=\"https:\/\/www.cercos.net\/es\/credito-y-caucion\/\" \/>\n<meta property=\"og:site_name\" content=\"Cerc\u00f3s &amp; Ari\u00f1o\" \/>\n<meta property=\"article:modified_time\" content=\"2025-05-29T09:33:56+00:00\" \/>\n<meta name=\"twitter:card\" content=\"summary_large_image\" \/>\n<meta name=\"twitter:label1\" content=\"Tiempo de lectura\" \/>\n\t<meta name=\"twitter:data1\" content=\"2 minutos\" \/>\n<script type=\"application\/ld+json\" class=\"yoast-schema-graph\">{\"@context\":\"https:\\\/\\\/schema.org\",\"@graph\":[{\"@type\":\"WebPage\",\"@id\":\"https:\\\/\\\/www.cercos.net\\\/es\\\/credito-y-caucion\\\/\",\"url\":\"https:\\\/\\\/www.cercos.net\\\/es\\\/credito-y-caucion\\\/\",\"name\":\"Credito y cauci\u00f3n - Cerc\u00f3s &amp; Ari\u00f1o\",\"isPartOf\":{\"@id\":\"https:\\\/\\\/www.cercos.net\\\/#website\"},\"datePublished\":\"2018-10-04T13:50:26+00:00\",\"dateModified\":\"2025-05-29T09:33:56+00:00\",\"description\":\"Protege tu empresa frente a impagos con seguros de cr\u00e9dito y cauci\u00f3n. Cobertura para pymes y aut\u00f3nomos con gesti\u00f3n de cobro incluida.\",\"breadcrumb\":{\"@id\":\"https:\\\/\\\/www.cercos.net\\\/es\\\/credito-y-caucion\\\/#breadcrumb\"},\"inLanguage\":\"es\",\"potentialAction\":[{\"@type\":\"ReadAction\",\"target\":[\"https:\\\/\\\/www.cercos.net\\\/es\\\/credito-y-caucion\\\/\"]}]},{\"@type\":\"BreadcrumbList\",\"@id\":\"https:\\\/\\\/www.cercos.net\\\/es\\\/credito-y-caucion\\\/#breadcrumb\",\"itemListElement\":[{\"@type\":\"ListItem\",\"position\":1,\"name\":\"Inici\",\"item\":\"https:\\\/\\\/www.cercos.net\\\/es\\\/\"},{\"@type\":\"ListItem\",\"position\":2,\"name\":\"Credito y cauci\u00f3n\"}]},{\"@type\":\"WebSite\",\"@id\":\"https:\\\/\\\/www.cercos.net\\\/#website\",\"url\":\"https:\\\/\\\/www.cercos.net\\\/\",\"name\":\"Cerc\u00f3s &amp; Ari\u00f1o\",\"description\":\"Experts en assegurar\",\"potentialAction\":[{\"@type\":\"SearchAction\",\"target\":{\"@type\":\"EntryPoint\",\"urlTemplate\":\"https:\\\/\\\/www.cercos.net\\\/?s={search_term_string}\"},\"query-input\":{\"@type\":\"PropertyValueSpecification\",\"valueRequired\":true,\"valueName\":\"search_term_string\"}}],\"inLanguage\":\"es\"}]}<\/script>\n<!-- \/ Yoast SEO plugin. -->","yoast_head_json":{"title":"Credito y cauci\u00f3n - Cerc\u00f3s &amp; Ari\u00f1o","description":"Protege tu empresa frente a impagos con seguros de cr\u00e9dito y cauci\u00f3n. Cobertura para pymes y aut\u00f3nomos con gesti\u00f3n de cobro incluida.","robots":{"index":"index","follow":"follow","max-snippet":"max-snippet:-1","max-image-preview":"max-image-preview:large","max-video-preview":"max-video-preview:-1"},"canonical":"https:\/\/www.cercos.net\/es\/credito-y-caucion\/","og_locale":"es_ES","og_type":"article","og_title":"Credito y cauci\u00f3n - Cerc\u00f3s &amp; Ari\u00f1o","og_description":"Protege tu empresa frente a impagos con seguros de cr\u00e9dito y cauci\u00f3n. Cobertura para pymes y aut\u00f3nomos con gesti\u00f3n de cobro incluida.","og_url":"https:\/\/www.cercos.net\/es\/credito-y-caucion\/","og_site_name":"Cerc\u00f3s &amp; Ari\u00f1o","article_modified_time":"2025-05-29T09:33:56+00:00","twitter_card":"summary_large_image","twitter_misc":{"Tiempo de lectura":"2 minutos"},"schema":{"@context":"https:\/\/schema.org","@graph":[{"@type":"WebPage","@id":"https:\/\/www.cercos.net\/es\/credito-y-caucion\/","url":"https:\/\/www.cercos.net\/es\/credito-y-caucion\/","name":"Credito y cauci\u00f3n - Cerc\u00f3s &amp; Ari\u00f1o","isPartOf":{"@id":"https:\/\/www.cercos.net\/#website"},"datePublished":"2018-10-04T13:50:26+00:00","dateModified":"2025-05-29T09:33:56+00:00","description":"Protege tu empresa frente a impagos con seguros de cr\u00e9dito y cauci\u00f3n. Cobertura para pymes y aut\u00f3nomos con gesti\u00f3n de cobro incluida.","breadcrumb":{"@id":"https:\/\/www.cercos.net\/es\/credito-y-caucion\/#breadcrumb"},"inLanguage":"es","potentialAction":[{"@type":"ReadAction","target":["https:\/\/www.cercos.net\/es\/credito-y-caucion\/"]}]},{"@type":"BreadcrumbList","@id":"https:\/\/www.cercos.net\/es\/credito-y-caucion\/#breadcrumb","itemListElement":[{"@type":"ListItem","position":1,"name":"Inici","item":"https:\/\/www.cercos.net\/es\/"},{"@type":"ListItem","position":2,"name":"Credito y cauci\u00f3n"}]},{"@type":"WebSite","@id":"https:\/\/www.cercos.net\/#website","url":"https:\/\/www.cercos.net\/","name":"Cerc\u00f3s &amp; Ari\u00f1o","description":"Experts en assegurar","potentialAction":[{"@type":"SearchAction","target":{"@type":"EntryPoint","urlTemplate":"https:\/\/www.cercos.net\/?s={search_term_string}"},"query-input":{"@type":"PropertyValueSpecification","valueRequired":true,"valueName":"search_term_string"}}],"inLanguage":"es"}]}},"_links":{"self":[{"href":"https:\/\/www.cercos.net\/es\/wp-json\/wp\/v2\/pages\/641","targetHints":{"allow":["GET"]}}],"collection":[{"href":"https:\/\/www.cercos.net\/es\/wp-json\/wp\/v2\/pages"}],"about":[{"href":"https:\/\/www.cercos.net\/es\/wp-json\/wp\/v2\/types\/page"}],"author":[{"embeddable":true,"href":"https:\/\/www.cercos.net\/es\/wp-json\/wp\/v2\/users\/1"}],"replies":[{"embeddable":true,"href":"https:\/\/www.cercos.net\/es\/wp-json\/wp\/v2\/comments?post=641"}],"version-history":[{"count":4,"href":"https:\/\/www.cercos.net\/es\/wp-json\/wp\/v2\/pages\/641\/revisions"}],"predecessor-version":[{"id":859,"href":"https:\/\/www.cercos.net\/es\/wp-json\/wp\/v2\/pages\/641\/revisions\/859"}],"wp:attachment":[{"href":"https:\/\/www.cercos.net\/es\/wp-json\/wp\/v2\/media?parent=641"}],"curies":[{"name":"wp","href":"https:\/\/api.w.org\/{rel}","templated":true}]}}